{"id":162,"date":"2024-06-05T01:12:21","date_gmt":"2024-06-05T01:12:21","guid":{"rendered":"https:\/\/ecoletourrihou.com\/?page_id=162"},"modified":"2025-10-23T21:00:17","modified_gmt":"2025-10-23T21:00:17","slug":"college-du-tourrihou-cdt","status":"publish","type":"page","link":"https:\/\/ecoletourrihou.com\/?page_id=162","title":{"rendered":"Visitez-nous sur notre site internet collegedutourrihou.com !"},"content":{"rendered":"\n<div class=\"wp-block-cover alignfull is-light\" style=\"min-height:700px;aspect-ratio:unset;\"><span aria-hidden=\"true\" class=\"wp-block-cover__background has-background-dim-30 has-background-dim\" style=\"background-color:#998470\"><\/span><img loading=\"lazy\" decoding=\"async\" width=\"1000\" height=\"522\" class=\"wp-block-cover__image-background wp-image-164\" alt=\"College du Tourrihou, Bagnols sur Ceze\" src=\"https:\/\/ecoletourrihou.com\/wp-content\/uploads\/2024\/06\/Rocks.jpg\" data-object-fit=\"cover\" srcset=\"https:\/\/ecoletourrihou.com\/wp-content\/uploads\/2024\/06\/Rocks.jpg 1000w, https:\/\/ecoletourrihou.com\/wp-content\/uploads\/2024\/06\/Rocks-300x157.jpg 300w, https:\/\/ecoletourrihou.com\/wp-content\/uploads\/2024\/06\/Rocks-768x401.jpg 768w\" sizes=\"auto, (max-width: 1000px) 100vw, 1000px\" \/><div class=\"wp-block-cover__inner-container is-layout-flow wp-block-cover-is-layout-flow\">\n<h1 class=\"wp-block-heading has-text-align-center has-white-color has-text-color\">Coll\u00e8ge du Tourrihou: Un coll\u00e8ge innovant<\/h1>\n\n\n\n<div style=\"height:40px\" aria-hidden=\"true\" class=\"wp-block-spacer\"><\/div>\n\n\n\n<div class=\"wp-block-group\"><div class=\"wp-block-group__inner-container is-layout-flow wp-block-group-is-layout-flow\">\n<div class=\"wp-block-buttons is-content-justification-center is-layout-flex wp-container-core-buttons-is-layout-1 wp-block-buttons-is-layout-flex\"><\/div>\n<\/div><\/div>\n<\/div><\/div>\n\n\n\n<div style=\"height:100px\" aria-hidden=\"true\" class=\"wp-block-spacer\"><\/div>\n\n\n<h2 class=\"has-text-align-center wp-block-post-title\">Visitez-nous sur notre site internet collegedutourrihou.com !<\/h2>\n\n\n<p class=\"has-text-align-center\"><a href=\"https:\/\/collegedutourrihou.com\"><strong>Cliquez-ici !<\/strong><\/a><\/p>\n\n\n\n<p><\/p>\n\n\n\n<p>L&#8217;association &#8221; Le coll\u00e8ge du Tourrihou&#8221; est n\u00e9e de la volont\u00e9 de plusieurs familles de cr\u00e9er une extension \u00e0 l&#8217;\u00e9cole maternelle et primaire Le Tourrihou de Montclus. C&#8217;est ainsi que le projet a vu le jour.<\/p>\n\n\n\n<div style=\"height:100px\" aria-hidden=\"true\" class=\"wp-block-spacer\"><\/div>\n\n\n\n<h2 class=\"wp-block-heading has-text-align-center\">1. Un coll\u00e8ge innovant<\/h2>\n\n\n\n<p>Notre objectif :<br><\/p>\n\n\n\n<p>Ouverture d&#8217;une classe unique multi-niveaux pour les \u00e9l\u00e8ves de 10 \u00e0 15 ans d\u00e8s Septembre 2024. L\u2019adolescent se d\u00e9veloppe au travers d\u2019activit\u00e9s intellectuelles, artistiques, physiques, manuelles, sociales et environnementales. Il se construit dans un esprit de coop\u00e9ration, o\u00f9 l\u2019entraide et la coh\u00e9sion offrent la possibilit\u00e9 de progresser en confiance dans un \u00e9lan de partage et de respect.   <\/p>\n\n\n\n<p>Nous sommes convaincues que la p\u00e9dagogie coop\u00e9rative r\u00e9pond aux probl\u00e8matiques, sociales, individuelles, et collectives de nos soci\u00e9t\u00e9s modernes. Nous n&#8217;appliquons pas des m\u00e9thodes d&#8217;apprentissage, nous nous en r\u00e9f\u00e9rons, tous en respectant les fondamentaux de l&#8217;\u00e9ducation<br>nationale au niveau des cycles.<\/p>\n\n\n\n<p>Notre college s&#8217;inspire de plusieurs mouvements p\u00e9dagogiques, Celestin Freinet, Bernard Collot et bien d&#8217;autres.<\/p>\n\n\n\n<h2 class=\"wp-block-heading has-text-align-center\">2. La p\u00e9dagogie<\/h2>\n\n\n\n<p>Pour l&#8217;ouverture en septembre 2024, il y aura une classe unique avec un ou une p\u00e9dagogue \u00e0 temps complet pour une quinzaine d&#8217;adolescents. Nous privil\u00e9gions un effectif r\u00e9duit afin que le rythme de chacun puisse \u00eatre respect\u00e9. Ainsi l&#8217;accompagnement est individualis\u00e9 vers l&#8217;acquisition du socle commun de comp\u00e9tences d\u00e9fini par l&#8217;Education Nationale.<\/p>\n\n\n\n<p>Le programme scolaire privil\u00e9gie une approche humaine pla\u00e7ant l&#8217;\u00e9l\u00e8ve au centre de la p\u00e9dagogie.<\/p>\n\n\n\n<p>Les adolescents scolaris\u00e9s au Coll\u00e8ge du Tourrihou suivront les comp\u00e9tences du socle commun et seront pr\u00e9par\u00e9s au Dipl\u00f4me National du Brevet.<\/p>\n\n\n\n<p>Les apprentissages auront lieu essentiellement le matin, et les apr\u00e8s-midis seront d\u00e9di\u00e9s aux ateliers personnels, aux activit\u00e9s, aux sorties :mus\u00e9e, th\u00e9atre, sport, et aux intervenants ext\u00e9rieurs.<\/p>\n\n\n\n<p>L&#8217;organisation du temps de travail laisse la place \u00e0 la spontan\u00e9it\u00e9. L&#8217;effectif restreint du groupe, permet d\u2019effectuer un suivi individuel avec chaque enfant et \u00e0 son rythme.<\/p>\n\n\n\n<h2 class=\"wp-block-heading has-text-align-center\">3. Le cadre g\u00e9ographique<\/h2>\n\n\n\n<p>Le coll\u00e8ge du Tourrihou est situ\u00e9 dans l&#8217;agglom\u00e9ration rhodanienne. Bagnols sur C\u00e8ze, capitale du Gard Rhodanien, repr\u00e9sente un terrain d\u2019exploration pour les adolescents qui peuvent en d\u00e9couvrir les diff\u00e9rentes facettes. La ville offre un riche patrimoine culturel ainsi que de nombreuses infrastructures, comme la m\u00e9diath\u00e8que, la ludoth\u00e8que et les installations sportives, qui sont attractives pour les coll\u00e9giens.<\/p>\n\n\n\n<p>Le local de 80 m2 est compos\u00e9 de plusieurs espaces permettant \u00e0 chacun d\u2019\u00e9tudier en toute s\u00e9r\u00e9nit\u00e9. Il dispose d\u2019un coin d\u00e9tente et lecture ainsi que d\u2019un espace cuisine.<\/p>\n\n\n\n<p>Nous avons choisi un cadre urbain afin que les adolescents puissent d\u00e9couvrir le fonctionnement de la ville autrement; de part ses infrastructures culturelles, commerciales, sociales, politiques.<\/p>\n\n\n\n<p>L\u2019esplanade de l\u2019\u00eelot Saint Gilles situ\u00e9e \u00e0 quelques m\u00e8tres du local, constitue un espace permettant aux \u00e9l\u00e8ves de s\u2019a\u00e9rer lors des pauses. Le parc du Mont Cotton et, un peu plus loin, le parc Rimbaud, sont des espaces de nature offrant la possibilit\u00e9 d\u2019activit\u00e9s sportives et de d\u00e9tente.<\/p>\n\n\n\n<h2 class=\"wp-block-heading has-text-align-center\">4. Inscriptions<\/h2>\n\n\n\n<p>Les inscriptions 2025\/2026 pour le \u00ab Coll\u00e8ge du Tourrihou \u00bb sont ouvertes. Pour inscrire votre enfant ou obtenir des renseignements, vous pouvez envoyer un mail \u00e0 : collegedutourrihou@gmail.com , ou appeler aux num\u00e9ros suivants :<br><\/p>\n\n\n\n<p>Stephanie: 0668913454<\/p>\n\n\n\n<p>Delphine : 0623128508<br><br>Les frais de scolarit\u00e9 seront situ\u00e9s entre 3000 et 4000 euros par an.<\/p>\n\n\n\n<p>Le Coll\u00e8ge du Tourrihou \u00e9tant un \u00e9tablissement hors contrat, seuls les \u00e9colages vers\u00e9s par les familles permettent le fonctionnement de la structure.<\/p>\n\n\n\n<p>Le coll\u00e8ge souhaite s\u2019ouvrir \u00e0 d\u2019autres sources de financement afin de proposer aux \u00e9l\u00e8ves un environnement optimal d\u2019apprentissage.<\/p>\n\n\n\n<p>Si vous souhaitez soutenir financi\u00e8rement ou mat\u00e9riellement ce nouvel \u00e9tablissement, merci de nous contacter par mail collegedutourrihou@gmail.com<\/p>\n\n\n\n<p>Vous pouvez \u00e9galement vous informer des avanc\u00e9es du projet, sur <a href=\"https:\/\/www.facebook.com\/profile.php?id=61560099957282\" data-type=\"link\" data-id=\"https:\/\/www.facebook.com\/profile.php?id=61560099957282\">la page facebook<\/a> ou sur <a href=\"https:\/\/www.helloasso.com\/associations\/college-du-tourrihou\/collectes\/soutenir-le-college-du-tourrihou\" data-type=\"link\" data-id=\"https:\/\/www.helloasso.com\/associations\/college-du-tourrihou\/collectes\/soutenir-le-college-du-tourrihou.\">Hello Asso<\/a> avec la campagne de collecte de fonds.<\/p>\n\n\n\n<div style=\"height:100px\" aria-hidden=\"true\" class=\"wp-block-spacer\"><\/div>\n\n\n\n<figure class=\"wp-block-image alignfull size-full\"><img loading=\"lazy\" decoding=\"async\" width=\"1000\" height=\"505\" src=\"https:\/\/ecoletourrihou.com\/wp-content\/uploads\/2024\/06\/School-shoes.jpg\" alt=\"\" class=\"wp-image-165\" srcset=\"https:\/\/ecoletourrihou.com\/wp-content\/uploads\/2024\/06\/School-shoes.jpg 1000w, https:\/\/ecoletourrihou.com\/wp-content\/uploads\/2024\/06\/School-shoes-300x152.jpg 300w, https:\/\/ecoletourrihou.com\/wp-content\/uploads\/2024\/06\/School-shoes-768x388.jpg 768w\" sizes=\"auto, (max-width: 1000px) 100vw, 1000px\" \/><\/figure>\n\n\n\n<div style=\"height:100px\" aria-hidden=\"true\" class=\"wp-block-spacer\"><\/div>\n\n\n\n<figure class=\"wp-block-gallery has-nested-images columns-default is-cropped wp-block-gallery-1 is-layout-flex wp-block-gallery-is-layout-flex\"><\/figure>\n","protected":false},"excerpt":{"rendered":"<p>Cliquez-ici ! L&#8217;association &#8221; Le coll\u00e8ge du Tourrihou&#8221; est n\u00e9e de la volont\u00e9 de plusieurs familles de cr\u00e9er une extension \u00e0 l&#8217;\u00e9cole maternelle et primaire Le Tourrihou de Montclus. C&#8217;est ainsi que le projet a vu le jour. 1. Un coll\u00e8ge innovant Notre objectif : Ouverture d&#8217;une classe unique multi-niveaux pour les \u00e9l\u00e8ves de 10&hellip;&nbsp;<a href=\"https:\/\/ecoletourrihou.com\/?page_id=162\" rel=\"bookmark\">Read More &raquo;<span class=\"screen-reader-text\">Visitez-nous sur notre site internet collegedutourrihou.com !<\/span><\/a><\/p>\n","protected":false},"author":1,"featured_media":0,"parent":0,"menu_order":0,"comment_status":"closed","ping_status":"closed","template":"","meta":{"neve_meta_sidebar":"","neve_meta_container":"","neve_meta_enable_content_width":"","neve_meta_content_width":0,"neve_meta_title_alignment":"","neve_meta_author_avatar":"","neve_post_elements_order":"","neve_meta_disable_header":"off","neve_meta_disable_footer":"on","neve_meta_disable_title":"on","footnotes":""},"class_list":["post-162","page","type-page","status-publish","hentry"],"_links":{"self":[{"href":"https:\/\/ecoletourrihou.com\/index.php?rest_route=\/wp\/v2\/pages\/162","targetHints":{"allow":["GET"]}}],"collection":[{"href":"https:\/\/ecoletourrihou.com\/index.php?rest_route=\/wp\/v2\/pages"}],"about":[{"href":"https:\/\/ecoletourrihou.com\/index.php?rest_route=\/wp\/v2\/types\/page"}],"author":[{"embeddable":true,"href":"https:\/\/ecoletourrihou.com\/index.php?rest_route=\/wp\/v2\/users\/1"}],"replies":[{"embeddable":true,"href":"https:\/\/ecoletourrihou.com\/index.php?rest_route=%2Fwp%2Fv2%2Fcomments&post=162"}],"version-history":[{"count":30,"href":"https:\/\/ecoletourrihou.com\/index.php?rest_route=\/wp\/v2\/pages\/162\/revisions"}],"predecessor-version":[{"id":246,"href":"https:\/\/ecoletourrihou.com\/index.php?rest_route=\/wp\/v2\/pages\/162\/revisions\/246"}],"wp:attachment":[{"href":"https:\/\/ecoletourrihou.com\/index.php?rest_route=%2Fwp%2Fv2%2Fmedia&parent=162"}],"curies":[{"name":"wp","href":"https:\/\/api.w.org\/{rel}","templated":true}]}}